{"id":17,"date":"2019-08-13T10:15:25","date_gmt":"2019-08-13T08:15:25","guid":{"rendered":"http:\/\/www.martinamayer.de\/?page_id=17"},"modified":"2019-08-19T08:32:57","modified_gmt":"2019-08-19T06:32:57","slug":"startseite","status":"publish","type":"page","link":"https:\/\/www.martinamayer.de\/","title":{"rendered":"Martina Mayer &#8211; Ihr Friseur in Ebersbach a.d. Fils &#8211;  Weiler"},"content":{"rendered":"<p><em>pers\u00f6nlich<\/em>, <em>stilvoll<\/em> und <em>nah<\/em> am Kunden &#8211; Drei Worte, die das beschreiben, wof\u00fcr ich stehe. Bei mir steht der Kunde im Mittelpunkt. In meinem privaten Salon in Ebersbach k\u00fcmmere ich mich mit gen\u00fcgend Zeit um Sie ganz pers\u00f6nlich in zur\u00fcckgezogenem Ambiente. Gemeinsam finden wir f\u00fcr alle W\u00fcnsche und m\u00f6gliche Probleme eine L\u00f6sung. Treten Sie ein, in den etwas anderen Salon in Ebersbach an der Fils (in Weiler).<\/p>\n","protected":false},"excerpt":{"rendered":"<p>pers\u00f6nlich, stilvoll und nah am Kunden &#8211; Drei Worte, die das beschreiben, wof\u00fcr ich stehe. Bei mir steht der Kunde im Mittelpunkt. In meinem privaten Salon in Ebersbach k\u00fcmmere ich mich mit gen\u00fcgend Zeit um Sie ganz pers\u00f6nlich in zur\u00fcckgezogenem Ambiente. Gemeinsam finden wir f\u00fcr alle W\u00fcnsche und m\u00f6gliche Probleme eine L\u00f6sung. Treten Sie ein, &hellip; <\/p>\n<p class=\"link-more\"><a href=\"https:\/\/www.martinamayer.de\/\" class=\"more-link\"><span class=\"screen-reader-text\">\u201eMartina Mayer &#8211; Ihr Friseur in Ebersbach a.d. Fils &#8211;  Weiler\u201c<\/span> weiterlesen<\/a><\/p>\n","protected":false},"author":1,"featured_media":0,"parent":0,"menu_order":0,"comment_status":"closed","ping_status":"closed","template":"","meta":{"footnotes":""},"class_list":["post-17","page","type-page","status-publish","hentry"],"yoast_head":"<!-- This site is optimized with the Yoast SEO plugin v27.5 - https:\/\/yoast.com\/product\/yoast-seo-wordpress\/ -->\n<title>Martina Mayer - Ihr Friseur in Ebersbach a.d. Fils - Weiler - Martina Mayer<\/title>\n<meta name=\"description\" content=\"Ihr etwas anderes Haarstudio in Ebersbach an der Fils - Weiler f\u00fcr Frisuren, Haarschnitte, Kosmetik, Hochzeitsfrisuren, Beratung und mehr.\" \/>\n<meta name=\"robots\" content=\"index, follow, max-snippet:-1, max-image-preview:large, max-video-preview:-1\" \/>\n<link rel=\"canonical\" href=\"https:\/\/www.martinamayer.de\/\" \/>\n<meta property=\"og:locale\" content=\"de_DE\" \/>\n<meta property=\"og:type\" content=\"article\" \/>\n<meta property=\"og:title\" content=\"Martina Mayer - Ihr Friseur in Ebersbach a.d. Fils - Weiler - Martina Mayer\" \/>\n<meta property=\"og:description\" content=\"Ihr etwas anderes Haarstudio in Ebersbach an der Fils - Weiler f\u00fcr Frisuren, Haarschnitte, Kosmetik, Hochzeitsfrisuren, Beratung und mehr.\" \/>\n<meta property=\"og:url\" content=\"https:\/\/www.martinamayer.de\/\" \/>\n<meta property=\"og:site_name\" content=\"Martina Mayer\" \/>\n<meta property=\"article:publisher\" content=\"https:\/\/www.facebook.com\/friseur.ebersbach\" \/>\n<meta property=\"article:modified_time\" content=\"2019-08-19T06:32:57+00:00\" \/>\n<meta name=\"twitter:card\" content=\"summary_large_image\" \/>\n<script type=\"application\/ld+json\" class=\"yoast-schema-graph\">{\"@context\":\"https:\\\/\\\/schema.org\",\"@graph\":[{\"@type\":\"WebPage\",\"@id\":\"https:\\\/\\\/www.martinamayer.de\\\/\",\"url\":\"https:\\\/\\\/www.martinamayer.de\\\/\",\"name\":\"Martina Mayer - Ihr Friseur in Ebersbach a.d. Fils - Weiler - Martina Mayer\",\"isPartOf\":{\"@id\":\"https:\\\/\\\/www.martinamayer.de\\\/#website\"},\"datePublished\":\"2019-08-13T08:15:25+00:00\",\"dateModified\":\"2019-08-19T06:32:57+00:00\",\"description\":\"Ihr etwas anderes Haarstudio in Ebersbach an der Fils - Weiler f\u00fcr Frisuren, Haarschnitte, Kosmetik, Hochzeitsfrisuren, Beratung und mehr.\",\"breadcrumb\":{\"@id\":\"https:\\\/\\\/www.martinamayer.de\\\/#breadcrumb\"},\"inLanguage\":\"de\",\"potentialAction\":[{\"@type\":\"ReadAction\",\"target\":[\"https:\\\/\\\/www.martinamayer.de\\\/\"]}]},{\"@type\":\"BreadcrumbList\",\"@id\":\"https:\\\/\\\/www.martinamayer.de\\\/#breadcrumb\",\"itemListElement\":[{\"@type\":\"ListItem\",\"position\":1,\"name\":\"Startseite\",\"item\":\"https:\\\/\\\/www.martinamayer.de\\\/\"},{\"@type\":\"ListItem\",\"position\":2,\"name\":\"Martina Mayer &#8211; Ihr Friseur in Ebersbach a.d. Fils &#8211; Weiler\"}]},{\"@type\":\"WebSite\",\"@id\":\"https:\\\/\\\/www.martinamayer.de\\\/#website\",\"url\":\"https:\\\/\\\/www.martinamayer.de\\\/\",\"name\":\"Martina Mayer Friseur in Ebersbach\",\"description\":\"Ihr Friseur in Ebersbach an der Fils (Weiler)\",\"publisher\":{\"@id\":\"https:\\\/\\\/www.martinamayer.de\\\/#organization\"},\"potentialAction\":[{\"@type\":\"SearchAction\",\"target\":{\"@type\":\"EntryPoint\",\"urlTemplate\":\"https:\\\/\\\/www.martinamayer.de\\\/?s={search_term_string}\"},\"query-input\":{\"@type\":\"PropertyValueSpecification\",\"valueRequired\":true,\"valueName\":\"search_term_string\"}}],\"inLanguage\":\"de\"},{\"@type\":\"Organization\",\"@id\":\"https:\\\/\\\/www.martinamayer.de\\\/#organization\",\"name\":\"Martina Mayer - Friseur in Ebersbach an der Fils (Weiler)\",\"url\":\"https:\\\/\\\/www.martinamayer.de\\\/\",\"logo\":{\"@type\":\"ImageObject\",\"inLanguage\":\"de\",\"@id\":\"https:\\\/\\\/www.martinamayer.de\\\/#\\\/schema\\\/logo\\\/image\\\/\",\"url\":\"https:\\\/\\\/www.martinamayer.de\\\/wp-content\\\/uploads\\\/2019\\\/08\\\/logo-1.jpg\",\"contentUrl\":\"https:\\\/\\\/www.martinamayer.de\\\/wp-content\\\/uploads\\\/2019\\\/08\\\/logo-1.jpg\",\"width\":400,\"height\":112,\"caption\":\"Martina Mayer - Friseur in Ebersbach an der Fils (Weiler)\"},\"image\":{\"@id\":\"https:\\\/\\\/www.martinamayer.de\\\/#\\\/schema\\\/logo\\\/image\\\/\"},\"sameAs\":[\"https:\\\/\\\/www.facebook.com\\\/friseur.ebersbach\"]}]}<\/script>\n<!-- \/ Yoast SEO plugin. -->","yoast_head_json":{"title":"Martina Mayer - Ihr Friseur in Ebersbach a.d. Fils - Weiler - Martina Mayer","description":"Ihr etwas anderes Haarstudio in Ebersbach an der Fils - Weiler f\u00fcr Frisuren, Haarschnitte, Kosmetik, Hochzeitsfrisuren, Beratung und mehr.","robots":{"index":"index","follow":"follow","max-snippet":"max-snippet:-1","max-image-preview":"max-image-preview:large","max-video-preview":"max-video-preview:-1"},"canonical":"https:\/\/www.martinamayer.de\/","og_locale":"de_DE","og_type":"article","og_title":"Martina Mayer - Ihr Friseur in Ebersbach a.d. Fils - Weiler - Martina Mayer","og_description":"Ihr etwas anderes Haarstudio in Ebersbach an der Fils - Weiler f\u00fcr Frisuren, Haarschnitte, Kosmetik, Hochzeitsfrisuren, Beratung und mehr.","og_url":"https:\/\/www.martinamayer.de\/","og_site_name":"Martina Mayer","article_publisher":"https:\/\/www.facebook.com\/friseur.ebersbach","article_modified_time":"2019-08-19T06:32:57+00:00","twitter_card":"summary_large_image","schema":{"@context":"https:\/\/schema.org","@graph":[{"@type":"WebPage","@id":"https:\/\/www.martinamayer.de\/","url":"https:\/\/www.martinamayer.de\/","name":"Martina Mayer - Ihr Friseur in Ebersbach a.d. Fils - Weiler - Martina Mayer","isPartOf":{"@id":"https:\/\/www.martinamayer.de\/#website"},"datePublished":"2019-08-13T08:15:25+00:00","dateModified":"2019-08-19T06:32:57+00:00","description":"Ihr etwas anderes Haarstudio in Ebersbach an der Fils - Weiler f\u00fcr Frisuren, Haarschnitte, Kosmetik, Hochzeitsfrisuren, Beratung und mehr.","breadcrumb":{"@id":"https:\/\/www.martinamayer.de\/#breadcrumb"},"inLanguage":"de","potentialAction":[{"@type":"ReadAction","target":["https:\/\/www.martinamayer.de\/"]}]},{"@type":"BreadcrumbList","@id":"https:\/\/www.martinamayer.de\/#breadcrumb","itemListElement":[{"@type":"ListItem","position":1,"name":"Startseite","item":"https:\/\/www.martinamayer.de\/"},{"@type":"ListItem","position":2,"name":"Martina Mayer &#8211; Ihr Friseur in Ebersbach a.d. Fils &#8211; Weiler"}]},{"@type":"WebSite","@id":"https:\/\/www.martinamayer.de\/#website","url":"https:\/\/www.martinamayer.de\/","name":"Martina Mayer Friseur in Ebersbach","description":"Ihr Friseur in Ebersbach an der Fils (Weiler)","publisher":{"@id":"https:\/\/www.martinamayer.de\/#organization"},"potentialAction":[{"@type":"SearchAction","target":{"@type":"EntryPoint","urlTemplate":"https:\/\/www.martinamayer.de\/?s={search_term_string}"},"query-input":{"@type":"PropertyValueSpecification","valueRequired":true,"valueName":"search_term_string"}}],"inLanguage":"de"},{"@type":"Organization","@id":"https:\/\/www.martinamayer.de\/#organization","name":"Martina Mayer - Friseur in Ebersbach an der Fils (Weiler)","url":"https:\/\/www.martinamayer.de\/","logo":{"@type":"ImageObject","inLanguage":"de","@id":"https:\/\/www.martinamayer.de\/#\/schema\/logo\/image\/","url":"https:\/\/www.martinamayer.de\/wp-content\/uploads\/2019\/08\/logo-1.jpg","contentUrl":"https:\/\/www.martinamayer.de\/wp-content\/uploads\/2019\/08\/logo-1.jpg","width":400,"height":112,"caption":"Martina Mayer - Friseur in Ebersbach an der Fils (Weiler)"},"image":{"@id":"https:\/\/www.martinamayer.de\/#\/schema\/logo\/image\/"},"sameAs":["https:\/\/www.facebook.com\/friseur.ebersbach"]}]}},"_links":{"self":[{"href":"https:\/\/www.martinamayer.de\/index.php?rest_route=\/wp\/v2\/pages\/17","targetHints":{"allow":["GET"]}}],"collection":[{"href":"https:\/\/www.martinamayer.de\/index.php?rest_route=\/wp\/v2\/pages"}],"about":[{"href":"https:\/\/www.martinamayer.de\/index.php?rest_route=\/wp\/v2\/types\/page"}],"author":[{"embeddable":true,"href":"https:\/\/www.martinamayer.de\/index.php?rest_route=\/wp\/v2\/users\/1"}],"replies":[{"embeddable":true,"href":"https:\/\/www.martinamayer.de\/index.php?rest_route=%2Fwp%2Fv2%2Fcomments&post=17"}],"version-history":[{"count":5,"href":"https:\/\/www.martinamayer.de\/index.php?rest_route=\/wp\/v2\/pages\/17\/revisions"}],"predecessor-version":[{"id":88,"href":"https:\/\/www.martinamayer.de\/index.php?rest_route=\/wp\/v2\/pages\/17\/revisions\/88"}],"wp:attachment":[{"href":"https:\/\/www.martinamayer.de\/index.php?rest_route=%2Fwp%2Fv2%2Fmedia&parent=17"}],"curies":[{"name":"wp","href":"https:\/\/api.w.org\/{rel}","templated":true}]}}