{"id":18,"date":"2019-08-13T10:15:25","date_gmt":"2019-08-13T08:15:25","guid":{"rendered":"http:\/\/www.martinamayer.de\/?page_id=18"},"modified":"2019-08-13T11:23:00","modified_gmt":"2019-08-13T09:23:00","slug":"ueber-mich","status":"publish","type":"page","link":"https:\/\/www.martinamayer.de\/?page_id=18","title":{"rendered":"Ein paar Worte zu mir&#8230;"},"content":{"rendered":"<p>Lieber Besucher \/ liebe Besucherin,<\/p>\n<p>Friseurin war schon als Kind mein Traumberuf. So war es nicht verwunderlich, als ich nach meinem Schulabschluss eine Lehre in genau diesem Berufsfeld absolvierte. Nach dem ersten Kind und einem Erziehungsjahr wollte ich wieder in meinen Beruf zur\u00fcck und fand auch prompt eine Anstellung. Beim zweiten Kind fing ich sofort wieder an zu arbeiten, somit kann ich auf eine jahrelange Berufserfahrung zur\u00fcckblicken.<\/p>\n<p>Das Sch\u00f6ne an meinem Beruf ist, dass keine Eint\u00f6nigkeit aufkommt, weil jeden Tag die Kreativit\u00e4t gefragt ist und viele Kunden auch bereit sind, etwas Neues auszuprobieren. Egal, ob in Sachen Farbe, Str\u00e4hnen oder Frisur, es gibt Tausende von M\u00f6glichkeiten, die Phantasie umzusetzen. Dabei spielt nat\u00fcrlich auch die Fortbildung eine gro\u00dfe Rolle: Egal ob Seminar oder Messe, irgend etwas nimmt man immer mit nach Hause und probiert es aus. Ob jemand etwas Neues ausprobieren will und offen f\u00fcr alles ist oder seinen Stil bereits gefunden hat \u2013 es macht einfach immer Spa\u00df mit Kunden zu arbeiten und jede individuelle Pers\u00f6nlichkeit zu unterstreichen. Dabei bin ich nicht nur f\u00fcr viele ihr Friseur in Ebersbach, sondern begr\u00fc\u00dfe auch regelm\u00e4\u00dfig Kunden aus der Umgebung von Reichenbach, Hochdorf, Kirchheim, Uhingen, Sparwiesen.<\/p>\n<p>Ich freue mich auf Sie<\/p>\n<p>Martina Mayer<br \/>\nIhr Friseur in Ebersbach<\/p>\n","protected":false},"excerpt":{"rendered":"<p>Lieber Besucher \/ liebe Besucherin, Friseurin war schon als Kind mein Traumberuf. So war es nicht verwunderlich, als ich nach meinem Schulabschluss eine Lehre in genau diesem Berufsfeld absolvierte. Nach dem ersten Kind und einem Erziehungsjahr wollte ich wieder in meinen Beruf zur\u00fcck und fand auch prompt eine Anstellung. Beim zweiten Kind fing ich sofort &hellip; <\/p>\n<p class=\"link-more\"><a href=\"https:\/\/www.martinamayer.de\/?page_id=18\" class=\"more-link\"><span class=\"screen-reader-text\">\u201eEin paar Worte zu mir&#8230;\u201c<\/span> weiterlesen<\/a><\/p>\n","protected":false},"author":1,"featured_media":53,"parent":0,"menu_order":0,"comment_status":"closed","ping_status":"closed","template":"","meta":{"footnotes":""},"class_list":["post-18","page","type-page","status-publish","has-post-thumbnail","hentry"],"yoast_head":"<!-- This site is optimized with the Yoast SEO plugin v27.5 - https:\/\/yoast.com\/product\/yoast-seo-wordpress\/ -->\n<title>Ein paar Worte zu mir... - Martina Mayer<\/title>\n<meta name=\"robots\" content=\"index, follow, max-snippet:-1, max-image-preview:large, max-video-preview:-1\" \/>\n<link rel=\"canonical\" href=\"https:\/\/www.martinamayer.de\/?page_id=18\" \/>\n<meta property=\"og:locale\" content=\"de_DE\" \/>\n<meta property=\"og:type\" content=\"article\" \/>\n<meta property=\"og:title\" content=\"Ein paar Worte zu mir... - Martina Mayer\" \/>\n<meta property=\"og:description\" content=\"Lieber Besucher \/ liebe Besucherin, Friseurin war schon als Kind mein Traumberuf. So war es nicht verwunderlich, als ich nach meinem Schulabschluss eine Lehre in genau diesem Berufsfeld absolvierte. Nach dem ersten Kind und einem Erziehungsjahr wollte ich wieder in meinen Beruf zur\u00fcck und fand auch prompt eine Anstellung. Beim zweiten Kind fing ich sofort &hellip; \u201eEin paar Worte zu mir&#8230;\u201c weiterlesen\" \/>\n<meta property=\"og:url\" content=\"https:\/\/www.martinamayer.de\/?page_id=18\" \/>\n<meta property=\"og:site_name\" content=\"Martina Mayer\" \/>\n<meta property=\"article:publisher\" content=\"https:\/\/www.facebook.com\/friseur.ebersbach\" \/>\n<meta property=\"article:modified_time\" content=\"2019-08-13T09:23:00+00:00\" \/>\n<meta property=\"og:image\" content=\"https:\/\/www.martinamayer.de\/wp-content\/uploads\/2019\/08\/salon6.jpg\" \/>\n\t<meta property=\"og:image:width\" content=\"850\" \/>\n\t<meta property=\"og:image:height\" content=\"567\" \/>\n\t<meta property=\"og:image:type\" content=\"image\/jpeg\" \/>\n<meta name=\"twitter:card\" content=\"summary_large_image\" \/>\n<meta name=\"twitter:label1\" content=\"Gesch\u00e4tzte Lesezeit\" \/>\n\t<meta name=\"twitter:data1\" content=\"1\u00a0Minute\" \/>\n<script type=\"application\/ld+json\" class=\"yoast-schema-graph\">{\"@context\":\"https:\\\/\\\/schema.org\",\"@graph\":[{\"@type\":\"WebPage\",\"@id\":\"https:\\\/\\\/www.martinamayer.de\\\/?page_id=18\",\"url\":\"https:\\\/\\\/www.martinamayer.de\\\/?page_id=18\",\"name\":\"Ein paar Worte zu mir... - Martina Mayer\",\"isPartOf\":{\"@id\":\"https:\\\/\\\/www.martinamayer.de\\\/#website\"},\"primaryImageOfPage\":{\"@id\":\"https:\\\/\\\/www.martinamayer.de\\\/?page_id=18#primaryimage\"},\"image\":{\"@id\":\"https:\\\/\\\/www.martinamayer.de\\\/?page_id=18#primaryimage\"},\"thumbnailUrl\":\"https:\\\/\\\/www.martinamayer.de\\\/wp-content\\\/uploads\\\/2019\\\/08\\\/salon6.jpg\",\"datePublished\":\"2019-08-13T08:15:25+00:00\",\"dateModified\":\"2019-08-13T09:23:00+00:00\",\"breadcrumb\":{\"@id\":\"https:\\\/\\\/www.martinamayer.de\\\/?page_id=18#breadcrumb\"},\"inLanguage\":\"de\",\"potentialAction\":[{\"@type\":\"ReadAction\",\"target\":[\"https:\\\/\\\/www.martinamayer.de\\\/?page_id=18\"]}]},{\"@type\":\"ImageObject\",\"inLanguage\":\"de\",\"@id\":\"https:\\\/\\\/www.martinamayer.de\\\/?page_id=18#primaryimage\",\"url\":\"https:\\\/\\\/www.martinamayer.de\\\/wp-content\\\/uploads\\\/2019\\\/08\\\/salon6.jpg\",\"contentUrl\":\"https:\\\/\\\/www.martinamayer.de\\\/wp-content\\\/uploads\\\/2019\\\/08\\\/salon6.jpg\",\"width\":850,\"height\":567},{\"@type\":\"BreadcrumbList\",\"@id\":\"https:\\\/\\\/www.martinamayer.de\\\/?page_id=18#breadcrumb\",\"itemListElement\":[{\"@type\":\"ListItem\",\"position\":1,\"name\":\"Startseite\",\"item\":\"https:\\\/\\\/www.martinamayer.de\\\/\"},{\"@type\":\"ListItem\",\"position\":2,\"name\":\"Ein paar Worte zu mir&#8230;\"}]},{\"@type\":\"WebSite\",\"@id\":\"https:\\\/\\\/www.martinamayer.de\\\/#website\",\"url\":\"https:\\\/\\\/www.martinamayer.de\\\/\",\"name\":\"Martina Mayer Friseur in Ebersbach\",\"description\":\"Ihr Friseur in Ebersbach an der Fils (Weiler)\",\"publisher\":{\"@id\":\"https:\\\/\\\/www.martinamayer.de\\\/#organization\"},\"potentialAction\":[{\"@type\":\"SearchAction\",\"target\":{\"@type\":\"EntryPoint\",\"urlTemplate\":\"https:\\\/\\\/www.martinamayer.de\\\/?s={search_term_string}\"},\"query-input\":{\"@type\":\"PropertyValueSpecification\",\"valueRequired\":true,\"valueName\":\"search_term_string\"}}],\"inLanguage\":\"de\"},{\"@type\":\"Organization\",\"@id\":\"https:\\\/\\\/www.martinamayer.de\\\/#organization\",\"name\":\"Martina Mayer - Friseur in Ebersbach an der Fils (Weiler)\",\"url\":\"https:\\\/\\\/www.martinamayer.de\\\/\",\"logo\":{\"@type\":\"ImageObject\",\"inLanguage\":\"de\",\"@id\":\"https:\\\/\\\/www.martinamayer.de\\\/#\\\/schema\\\/logo\\\/image\\\/\",\"url\":\"https:\\\/\\\/www.martinamayer.de\\\/wp-content\\\/uploads\\\/2019\\\/08\\\/logo-1.jpg\",\"contentUrl\":\"https:\\\/\\\/www.martinamayer.de\\\/wp-content\\\/uploads\\\/2019\\\/08\\\/logo-1.jpg\",\"width\":400,\"height\":112,\"caption\":\"Martina Mayer - Friseur in Ebersbach an der Fils (Weiler)\"},\"image\":{\"@id\":\"https:\\\/\\\/www.martinamayer.de\\\/#\\\/schema\\\/logo\\\/image\\\/\"},\"sameAs\":[\"https:\\\/\\\/www.facebook.com\\\/friseur.ebersbach\"]}]}<\/script>\n<!-- \/ Yoast SEO plugin. -->","yoast_head_json":{"title":"Ein paar Worte zu mir... - Martina Mayer","robots":{"index":"index","follow":"follow","max-snippet":"max-snippet:-1","max-image-preview":"max-image-preview:large","max-video-preview":"max-video-preview:-1"},"canonical":"https:\/\/www.martinamayer.de\/?page_id=18","og_locale":"de_DE","og_type":"article","og_title":"Ein paar Worte zu mir... - Martina Mayer","og_description":"Lieber Besucher \/ liebe Besucherin, Friseurin war schon als Kind mein Traumberuf. So war es nicht verwunderlich, als ich nach meinem Schulabschluss eine Lehre in genau diesem Berufsfeld absolvierte. Nach dem ersten Kind und einem Erziehungsjahr wollte ich wieder in meinen Beruf zur\u00fcck und fand auch prompt eine Anstellung. Beim zweiten Kind fing ich sofort &hellip; \u201eEin paar Worte zu mir&#8230;\u201c weiterlesen","og_url":"https:\/\/www.martinamayer.de\/?page_id=18","og_site_name":"Martina Mayer","article_publisher":"https:\/\/www.facebook.com\/friseur.ebersbach","article_modified_time":"2019-08-13T09:23:00+00:00","og_image":[{"width":850,"height":567,"url":"https:\/\/www.martinamayer.de\/wp-content\/uploads\/2019\/08\/salon6.jpg","type":"image\/jpeg"}],"twitter_card":"summary_large_image","twitter_misc":{"Gesch\u00e4tzte Lesezeit":"1\u00a0Minute"},"schema":{"@context":"https:\/\/schema.org","@graph":[{"@type":"WebPage","@id":"https:\/\/www.martinamayer.de\/?page_id=18","url":"https:\/\/www.martinamayer.de\/?page_id=18","name":"Ein paar Worte zu mir... - Martina Mayer","isPartOf":{"@id":"https:\/\/www.martinamayer.de\/#website"},"primaryImageOfPage":{"@id":"https:\/\/www.martinamayer.de\/?page_id=18#primaryimage"},"image":{"@id":"https:\/\/www.martinamayer.de\/?page_id=18#primaryimage"},"thumbnailUrl":"https:\/\/www.martinamayer.de\/wp-content\/uploads\/2019\/08\/salon6.jpg","datePublished":"2019-08-13T08:15:25+00:00","dateModified":"2019-08-13T09:23:00+00:00","breadcrumb":{"@id":"https:\/\/www.martinamayer.de\/?page_id=18#breadcrumb"},"inLanguage":"de","potentialAction":[{"@type":"ReadAction","target":["https:\/\/www.martinamayer.de\/?page_id=18"]}]},{"@type":"ImageObject","inLanguage":"de","@id":"https:\/\/www.martinamayer.de\/?page_id=18#primaryimage","url":"https:\/\/www.martinamayer.de\/wp-content\/uploads\/2019\/08\/salon6.jpg","contentUrl":"https:\/\/www.martinamayer.de\/wp-content\/uploads\/2019\/08\/salon6.jpg","width":850,"height":567},{"@type":"BreadcrumbList","@id":"https:\/\/www.martinamayer.de\/?page_id=18#breadcrumb","itemListElement":[{"@type":"ListItem","position":1,"name":"Startseite","item":"https:\/\/www.martinamayer.de\/"},{"@type":"ListItem","position":2,"name":"Ein paar Worte zu mir&#8230;"}]},{"@type":"WebSite","@id":"https:\/\/www.martinamayer.de\/#website","url":"https:\/\/www.martinamayer.de\/","name":"Martina Mayer Friseur in Ebersbach","description":"Ihr Friseur in Ebersbach an der Fils (Weiler)","publisher":{"@id":"https:\/\/www.martinamayer.de\/#organization"},"potentialAction":[{"@type":"SearchAction","target":{"@type":"EntryPoint","urlTemplate":"https:\/\/www.martinamayer.de\/?s={search_term_string}"},"query-input":{"@type":"PropertyValueSpecification","valueRequired":true,"valueName":"search_term_string"}}],"inLanguage":"de"},{"@type":"Organization","@id":"https:\/\/www.martinamayer.de\/#organization","name":"Martina Mayer - Friseur in Ebersbach an der Fils (Weiler)","url":"https:\/\/www.martinamayer.de\/","logo":{"@type":"ImageObject","inLanguage":"de","@id":"https:\/\/www.martinamayer.de\/#\/schema\/logo\/image\/","url":"https:\/\/www.martinamayer.de\/wp-content\/uploads\/2019\/08\/logo-1.jpg","contentUrl":"https:\/\/www.martinamayer.de\/wp-content\/uploads\/2019\/08\/logo-1.jpg","width":400,"height":112,"caption":"Martina Mayer - Friseur in Ebersbach an der Fils (Weiler)"},"image":{"@id":"https:\/\/www.martinamayer.de\/#\/schema\/logo\/image\/"},"sameAs":["https:\/\/www.facebook.com\/friseur.ebersbach"]}]}},"_links":{"self":[{"href":"https:\/\/www.martinamayer.de\/index.php?rest_route=\/wp\/v2\/pages\/18","targetHints":{"allow":["GET"]}}],"collection":[{"href":"https:\/\/www.martinamayer.de\/index.php?rest_route=\/wp\/v2\/pages"}],"about":[{"href":"https:\/\/www.martinamayer.de\/index.php?rest_route=\/wp\/v2\/types\/page"}],"author":[{"embeddable":true,"href":"https:\/\/www.martinamayer.de\/index.php?rest_route=\/wp\/v2\/users\/1"}],"replies":[{"embeddable":true,"href":"https:\/\/www.martinamayer.de\/index.php?rest_route=%2Fwp%2Fv2%2Fcomments&post=18"}],"version-history":[{"count":2,"href":"https:\/\/www.martinamayer.de\/index.php?rest_route=\/wp\/v2\/pages\/18\/revisions"}],"predecessor-version":[{"id":52,"href":"https:\/\/www.martinamayer.de\/index.php?rest_route=\/wp\/v2\/pages\/18\/revisions\/52"}],"wp:featuredmedia":[{"embeddable":true,"href":"https:\/\/www.martinamayer.de\/index.php?rest_route=\/wp\/v2\/media\/53"}],"wp:attachment":[{"href":"https:\/\/www.martinamayer.de\/index.php?rest_route=%2Fwp%2Fv2%2Fmedia&parent=18"}],"curies":[{"name":"wp","href":"https:\/\/api.w.org\/{rel}","templated":true}]}}