{"id":76,"date":"2019-08-13T12:34:31","date_gmt":"2019-08-13T10:34:31","guid":{"rendered":"http:\/\/www.martinamayer.de\/?page_id=76"},"modified":"2021-06-04T14:02:58","modified_gmt":"2021-06-04T12:02:58","slug":"impressum","status":"publish","type":"page","link":"https:\/\/www.martinamayer.de\/?page_id=76","title":{"rendered":"Impressum \/ Datenschutz"},"content":{"rendered":"\n<p><em>Angaben gem\u00e4\u00df \u00a75 TMG:<\/em><\/p>\n\n\n\n<p>Hairsalon &#8211; Martina Mayer<br>Haldenwiesenstra\u00dfe 39<br>D \u2013 73061 Ebersbach<\/p>\n\n\n\n<p>Inhaber: Roland Mayer<\/p>\n\n\n\n<p>Telefon: +49 7163 53 49 377<\/p>\n\n\n\n<p>E-Mail:&nbsp;<a href=\"http:\/\/martinamayer.bplaced.net\/info@martinamayer.de\">info@martinamayer.de<\/a><br><a href=\"http:\/\/www.martinamayer.de\/\">www.martinamayer.de<\/a><\/p>\n\n\n\n<p>Zust\u00e4ndige Kammer:\u00a0<a href=\"http:\/\/www.hwk-stuttgart.de\/\" target=\"_blank\" rel=\"noreferrer noopener\">Handwerkskammer Stuttgart<\/a>, Heilbronner Str. 43, 70191 Stuttgart<br>Berufsbezeichnung: Handwerksmeister (verliehen in der Bundesrepublik Deutschland)<\/p>\n\n\n\n<p>Berufsrechtliche Regelungen: Handwerksordnung<br>(Zu finden im Bundesgesetzblatt I, Seite 3074 in der Fassung vom 24. September 1998)<\/p>\n\n\n\n<p>Technische Anfragen zur Seite: webmaster@martinamayer.de<\/p>\n\n\n\n<p>Bildnachweise: \u00a9KH (Salon, Martina Mayer)<\/p>\n\n\n\n<p><\/p>\n\n\n\n<h1 class=\"wp-block-heading\">DATENSCHUTZERKL\u00c4RUNG<\/h1>\n\n\n\n<p><strong>1. Name und Kontaktdaten des f\u00fcr die Verarbeitung Verantwortlichen sowie des&nbsp;betrieblichen Datenschutzbeauftragten<\/strong><\/p>\n\n\n\n<p>Diese Datenschutz-Information gilt f\u00fcr die Datenverarbeitung durch:<\/p>\n\n\n\n<p>Verantwortlicher:<\/p>\n\n\n\n<p>Roland Mayer<br> Haldenwiesenstra\u00dfe 39<br> D \u2013 73061 Ebersbach<\/p>\n\n\n\n<p>Telefon: +49 7163 53 49 377<\/p>\n\n\n\n<p>E-Mail: info@martinamayer.de<br>\nwww.martinamayer.de<\/p>\n\n\n\n<p><strong>2. Erhebung und Speicherung personenbezogener Daten sowie Art und Zweck von deren Verwendung<\/strong><\/p>\n\n\n\n<p>a) Beim Besuch der Website<br>Beim Aufrufen unserer Website www.martinamayer.de&nbsp;werden durch den auf Ihrem Endger\u00e4t zum Einsatz kommenden Browser automatisch Informationen an den Server unserer Website gesendet. Diese Informationen werden tempor\u00e4r in einem sog. Logfile gespeichert. Folgende Informationen werden dabei ohne Ihr Zutun erfasst und bis zur automatisierten L\u00f6schung gespeichert:<\/p>\n\n\n\n<ul class=\"wp-block-list\"><li>IP-Adresse des anfragenden Rechners,<\/li><li>Datum und Uhrzeit des Zugriffs,<\/li><li>Name und URL der abgerufenen Datei,<\/li><li>Website, von der aus der Zugriff erfolgt (Referrer-URL),<\/li><li>verwendeter Browser und ggf. das Betriebssystem Ihres Rechners sowie der Name Ihres Access-Providers.<\/li><\/ul>\n\n\n\n<p>b) Bei Nutzung unseres Kontaktformulars, das wir zeitweise im Einsatz haben<br>Bei Fragen jeglicher Art bieten wir Ihnen die M\u00f6glichkeit, mit uns \u00fcber ein auf der Website&nbsp;bereitgestelltes Formular Kontakt aufzunehmen. Dabei sind die Angaben<\/p>\n\n\n\n<ul class=\"wp-block-list\"><li>Anrede,<\/li><li>Vorname,<\/li><li>Nachname,<\/li><li>Stra\u00dfe\/Nr.<\/li><li>Land, PLZ, Ort,<\/li><li>Telefon,<\/li><li>g\u00fcltige E-Mail-Adresse,<\/li><li>Betreff und<\/li><li>die Nachricht<\/li><\/ul>\n\n\n\n<p>erforderlich, damit wir wissen, von wem die Anfrage stammt und um diese beantworten zu k\u00f6nnen. Weitere Angaben k\u00f6nnen freiwillig get\u00e4tigt werden.<\/p>\n\n\n\n<p>Die Datenverarbeitung zum Zwecke der Kontaktaufnahme mit uns erfolgt nach Art. 6 Abs. 1 S. 1 lit. a DSGVO auf Grundlage Ihrer freiwillig erteilten Einwilligung.<\/p>\n\n\n\n<p>Die f\u00fcr die Benutzung des Kontaktformulars von uns erhobenen personenbezogenen Daten werden nach Erledigung der von Ihnen gestellten Anfrage automatisch gel\u00f6scht.<\/p>\n\n\n\n<p><strong>3. Weitergabe von Daten<\/strong><\/p>\n\n\n\n<p>Eine \u00dcbermittlung Ihrer pers\u00f6nlichen Daten an Dritte zu anderen als den im Folgenden aufgef\u00fchrten Zwecken findet nicht statt.<\/p>\n\n\n\n<p>Wir geben Ihre pers\u00f6nlichen Daten nur an Dritte weiter, wenn:<\/p>\n\n\n\n<ul class=\"wp-block-list\"><li>Sie Ihre nach Art. 6 Abs. 1 S. 1 lit. a DSGVO ausdr\u00fcckliche Einwilligung dazu erteilt haben,<\/li><li>die Weitergabe nach Art. 6 Abs. 1 S. 1 lit. f DSGVO zur Geltendmachung, Aus\u00fcbung oder Verteidigung von Rechtsanspr\u00fcchen erforderlich ist und kein Grund zur Annahme besteht, dass Sie ein \u00fcberwiegendes schutzw\u00fcrdiges Interesse an der Nichtweitergabe Ihrer Daten haben,<\/li><li>f\u00fcr den Fall, dass f\u00fcr die Weitergabe nach Art. 6 Abs. 1 S. 1 lit. c DSGVO eine gesetzliche Verpflichtung besteht, sowie<\/li><li>dies gesetzlich zul\u00e4ssig und nach Art. 6 Abs. 1 S. 1 lit. b DSGVO f\u00fcr die Abwicklung von Vertragsverh\u00e4ltnissen mit Ihnen erforderlich ist.<\/li><\/ul>\n\n\n\n<p><strong>4. Cookies<\/strong><\/p>\n\n\n\n<p>Wir setzen auf unserer Seite Cookies ein. Hierbei handelt es sich um kleine Dateien, die Ihr Browser automatisch erstellt und die auf Ihrem Endger\u00e4t (Laptop, Tablet, Smartphone o.\u00e4.) gespeichert werden, wenn Sie unsere Seite besuchen. Cookies richten auf Ihrem Endger\u00e4t keinen Schaden an, enthalten keine Viren, Trojaner oder sonstige Schadsoftware.<\/p>\n\n\n\n<p>In dem Cookie werden Informationen abgelegt, die sich jeweils im Zusammenhang mit dem spezifisch eingesetzten Endger\u00e4t ergeben. Dies bedeutet jedoch nicht, dass wir dadurch unmittelbar Kenntnis von Ihrer Identit\u00e4t erhalten.<\/p>\n\n\n\n<p>Der Einsatz von Cookies dient einerseits dazu, die Nutzung unseres Angebots f\u00fcr Sie angenehmer zu gestalten. So setzen wir sogenannte Session-Cookies ein, um zu erkennen, dass Sie einzelne Seiten unserer Website bereits besucht haben. Diese werden nach Verlassen unserer Seite automatisch gel\u00f6scht.<\/p>\n\n\n\n<p>Dar\u00fcber hinaus setzen wir ebenfalls zur Optimierung der Benutzerfreundlichkeit tempor\u00e4re Cookies ein, die f\u00fcr einen bestimmten festgelegten Zeitraum auf Ihrem Endger\u00e4t gespeichert werden. Besuchen Sie unsere Seite erneut, um unsere Dienste in Anspruch zu nehmen, wird automatisch erkannt, dass Sie bereits bei uns waren und welche Eingaben und Einstellungen sie get\u00e4tigt haben, um diese nicht noch einmal eingeben zu m\u00fcssen.<\/p>\n\n\n\n<p>Zum anderen setzten wir Cookies ein, um die Nutzung unserer Website statistisch zu erfassen und zum Zwecke der Optimierung unseres Angebotes f\u00fcr Sie auszuwerten (siehe Ziff. 5). Diese Cookies erm\u00f6glichen es uns, bei einem erneuten Besuch unserer Seite automatisch zu erkennen, dass Sie bereits bei uns waren. Diese Cookies werden nach einer jeweils definierten Zeit automatisch gel\u00f6scht.<\/p>\n\n\n\n<p>Die durch Cookies verarbeiteten Daten sind f\u00fcr die genannten Zwecke zur Wahrung unserer berechtigten Interessen sowie der Dritter nach Art. 6 Abs. 1 S. 1 lit. f DSGVO erforderlich. Die meisten Browser akzeptieren Cookies automatisch. Sie k\u00f6nnen Ihren Browser jedoch so konfigurieren, dass keine Cookies auf Ihrem Computer gespeichert werden oder stets ein Hinweis erscheint, bevor ein neuer Cookie angelegt wird. Die vollst\u00e4ndige Deaktivierung von Cookies kann jedoch dazu f\u00fchren, dass Sie nicht alle Funktionen unserer Website nutzen k\u00f6nnen.<\/p>\n\n\n\n<p><strong>5. Widerspruchsrecht<\/strong><\/p>\n\n\n\n<p>Sofern Ihre personenbezogenen Daten auf Grundlage von berechtigten Interessen gem\u00e4\u00df Art. 6 Abs. 1 S. 1 lit. f DSGVO verarbeitet werden, haben Sie das Recht, gem\u00e4\u00df Art. 21 DSGVO Widerspruch gegen die Verarbeitung Ihrer personenbezogenen Daten einzulegen, soweit daf\u00fcr Gr\u00fcnde vorliegen, die sich aus Ihrer besonderen Situation ergeben oder sich der Widerspruch gegen Direktwerbung richtet. Im letzteren Fall haben Sie ein generelles Widerspruchsrecht, das ohne Angabe einer besonderen Situation von uns umgesetzt wird.<\/p>\n\n\n\n<p>M\u00f6chten Sie von Ihrem Widerrufs- oder Widerspruchsrecht Gebrauch machen, gen\u00fcgt eine E-Mail an info@martinaamyer.de<\/p>\n\n\n\n<p><strong>6. Datensicherheit<\/strong><\/p>\n\n\n\n<p>Wir bedienen uns im \u00dcbrigen geeigneter technischer und organisatorischer Sicherheitsma\u00dfnahmen, um Ihre Daten gegen zuf\u00e4llige oder vors\u00e4tzliche Manipulationen, teilweisen oder vollst\u00e4ndigen Verlust, Zerst\u00f6rung oder gegen den unbefugten Zugriff Dritter zu sch\u00fctzen. Unsere Sicherheitsma\u00dfnahmen werden entsprechend der technologischen Entwicklung fortlaufend verbessert.<\/p>\n\n\n\n<p><strong>7. Aktualit\u00e4t und \u00c4nderung dieser Datenschutzerkl\u00e4rung<\/strong><\/p>\n\n\n\n<p>Diese Datenschutzerkl\u00e4rung ist aktuell g\u00fcltig und hat den Stand August 2019.<br>Durch die Weiterentwicklung unserer Website und Angebote dar\u00fcber oder aufgrund ge\u00e4nderter gesetzlicher beziehungsweise beh\u00f6rdlicher Vorgaben kann es notwendig werden, diese Datenschutzerkl\u00e4rung zu \u00e4ndern. Die jeweils aktuelle Datenschutzerkl\u00e4rung kann jederzeit auf der Website unter www.martinamayer.de&nbsp;von Ihnen abgerufen und ausgedruckt werden.<\/p>\n","protected":false},"excerpt":{"rendered":"<p>Angaben gem\u00e4\u00df \u00a75 TMG: Hairsalon &#8211; Martina MayerHaldenwiesenstra\u00dfe 39D \u2013 73061 Ebersbach Inhaber: Roland Mayer Telefon: +49 7163 53 49 377 E-Mail:&nbsp;info@martinamayer.dewww.martinamayer.de Zust\u00e4ndige Kammer:\u00a0Handwerkskammer Stuttgart, Heilbronner Str. 43, 70191 StuttgartBerufsbezeichnung: Handwerksmeister (verliehen in der Bundesrepublik Deutschland) Berufsrechtliche Regelungen: Handwerksordnung(Zu finden im Bundesgesetzblatt I, Seite 3074 in der Fassung vom 24. September 1998) Technische Anfragen zur &hellip; <\/p>\n<p class=\"link-more\"><a href=\"https:\/\/www.martinamayer.de\/?page_id=76\" class=\"more-link\"><span class=\"screen-reader-text\">\u201eImpressum \/ Datenschutz\u201c<\/span> weiterlesen<\/a><\/p>\n","protected":false},"author":1,"featured_media":0,"parent":0,"menu_order":0,"comment_status":"closed","ping_status":"closed","template":"","meta":{"footnotes":""},"class_list":["post-76","page","type-page","status-publish","hentry"],"yoast_head":"<!-- This site is optimized with the Yoast SEO plugin v27.5 - https:\/\/yoast.com\/product\/yoast-seo-wordpress\/ -->\n<title>Impressum \/ Datenschutz - Martina Mayer<\/title>\n<meta name=\"robots\" content=\"index, follow, max-snippet:-1, max-image-preview:large, max-video-preview:-1\" \/>\n<link rel=\"canonical\" href=\"https:\/\/www.martinamayer.de\/?page_id=76\" \/>\n<meta property=\"og:locale\" content=\"de_DE\" \/>\n<meta property=\"og:type\" content=\"article\" \/>\n<meta property=\"og:title\" content=\"Impressum \/ Datenschutz - Martina Mayer\" \/>\n<meta property=\"og:description\" content=\"Angaben gem\u00e4\u00df \u00a75 TMG: Hairsalon &#8211; Martina MayerHaldenwiesenstra\u00dfe 39D \u2013 73061 Ebersbach Inhaber: Roland Mayer Telefon: +49 7163 53 49 377 E-Mail:&nbsp;info@martinamayer.dewww.martinamayer.de Zust\u00e4ndige Kammer:\u00a0Handwerkskammer Stuttgart, Heilbronner Str. 43, 70191 StuttgartBerufsbezeichnung: Handwerksmeister (verliehen in der Bundesrepublik Deutschland) Berufsrechtliche Regelungen: Handwerksordnung(Zu finden im Bundesgesetzblatt I, Seite 3074 in der Fassung vom 24. September 1998) Technische Anfragen zur &hellip; \u201eImpressum \/ Datenschutz\u201c weiterlesen\" \/>\n<meta property=\"og:url\" content=\"https:\/\/www.martinamayer.de\/?page_id=76\" \/>\n<meta property=\"og:site_name\" content=\"Martina Mayer\" \/>\n<meta property=\"article:publisher\" content=\"https:\/\/www.facebook.com\/friseur.ebersbach\" \/>\n<meta property=\"article:modified_time\" content=\"2021-06-04T12:02:58+00:00\" \/>\n<meta name=\"twitter:card\" content=\"summary_large_image\" \/>\n<meta name=\"twitter:label1\" content=\"Gesch\u00e4tzte Lesezeit\" \/>\n\t<meta name=\"twitter:data1\" content=\"5\u00a0Minuten\" \/>\n<script type=\"application\/ld+json\" class=\"yoast-schema-graph\">{\"@context\":\"https:\\\/\\\/schema.org\",\"@graph\":[{\"@type\":\"WebPage\",\"@id\":\"https:\\\/\\\/www.martinamayer.de\\\/?page_id=76\",\"url\":\"https:\\\/\\\/www.martinamayer.de\\\/?page_id=76\",\"name\":\"Impressum \\\/ Datenschutz - Martina Mayer\",\"isPartOf\":{\"@id\":\"https:\\\/\\\/www.martinamayer.de\\\/#website\"},\"datePublished\":\"2019-08-13T10:34:31+00:00\",\"dateModified\":\"2021-06-04T12:02:58+00:00\",\"breadcrumb\":{\"@id\":\"https:\\\/\\\/www.martinamayer.de\\\/?page_id=76#breadcrumb\"},\"inLanguage\":\"de\",\"potentialAction\":[{\"@type\":\"ReadAction\",\"target\":[\"https:\\\/\\\/www.martinamayer.de\\\/?page_id=76\"]}]},{\"@type\":\"BreadcrumbList\",\"@id\":\"https:\\\/\\\/www.martinamayer.de\\\/?page_id=76#breadcrumb\",\"itemListElement\":[{\"@type\":\"ListItem\",\"position\":1,\"name\":\"Startseite\",\"item\":\"https:\\\/\\\/www.martinamayer.de\\\/\"},{\"@type\":\"ListItem\",\"position\":2,\"name\":\"Impressum \\\/ Datenschutz\"}]},{\"@type\":\"WebSite\",\"@id\":\"https:\\\/\\\/www.martinamayer.de\\\/#website\",\"url\":\"https:\\\/\\\/www.martinamayer.de\\\/\",\"name\":\"Martina Mayer Friseur in Ebersbach\",\"description\":\"Ihr Friseur in Ebersbach an der Fils (Weiler)\",\"publisher\":{\"@id\":\"https:\\\/\\\/www.martinamayer.de\\\/#organization\"},\"potentialAction\":[{\"@type\":\"SearchAction\",\"target\":{\"@type\":\"EntryPoint\",\"urlTemplate\":\"https:\\\/\\\/www.martinamayer.de\\\/?s={search_term_string}\"},\"query-input\":{\"@type\":\"PropertyValueSpecification\",\"valueRequired\":true,\"valueName\":\"search_term_string\"}}],\"inLanguage\":\"de\"},{\"@type\":\"Organization\",\"@id\":\"https:\\\/\\\/www.martinamayer.de\\\/#organization\",\"name\":\"Martina Mayer - Friseur in Ebersbach an der Fils (Weiler)\",\"url\":\"https:\\\/\\\/www.martinamayer.de\\\/\",\"logo\":{\"@type\":\"ImageObject\",\"inLanguage\":\"de\",\"@id\":\"https:\\\/\\\/www.martinamayer.de\\\/#\\\/schema\\\/logo\\\/image\\\/\",\"url\":\"https:\\\/\\\/www.martinamayer.de\\\/wp-content\\\/uploads\\\/2019\\\/08\\\/logo-1.jpg\",\"contentUrl\":\"https:\\\/\\\/www.martinamayer.de\\\/wp-content\\\/uploads\\\/2019\\\/08\\\/logo-1.jpg\",\"width\":400,\"height\":112,\"caption\":\"Martina Mayer - Friseur in Ebersbach an der Fils (Weiler)\"},\"image\":{\"@id\":\"https:\\\/\\\/www.martinamayer.de\\\/#\\\/schema\\\/logo\\\/image\\\/\"},\"sameAs\":[\"https:\\\/\\\/www.facebook.com\\\/friseur.ebersbach\"]}]}<\/script>\n<!-- \/ Yoast SEO plugin. -->","yoast_head_json":{"title":"Impressum \/ Datenschutz - Martina Mayer","robots":{"index":"index","follow":"follow","max-snippet":"max-snippet:-1","max-image-preview":"max-image-preview:large","max-video-preview":"max-video-preview:-1"},"canonical":"https:\/\/www.martinamayer.de\/?page_id=76","og_locale":"de_DE","og_type":"article","og_title":"Impressum \/ Datenschutz - Martina Mayer","og_description":"Angaben gem\u00e4\u00df \u00a75 TMG: Hairsalon &#8211; Martina MayerHaldenwiesenstra\u00dfe 39D \u2013 73061 Ebersbach Inhaber: Roland Mayer Telefon: +49 7163 53 49 377 E-Mail:&nbsp;info@martinamayer.dewww.martinamayer.de Zust\u00e4ndige Kammer:\u00a0Handwerkskammer Stuttgart, Heilbronner Str. 43, 70191 StuttgartBerufsbezeichnung: Handwerksmeister (verliehen in der Bundesrepublik Deutschland) Berufsrechtliche Regelungen: Handwerksordnung(Zu finden im Bundesgesetzblatt I, Seite 3074 in der Fassung vom 24. September 1998) Technische Anfragen zur &hellip; \u201eImpressum \/ Datenschutz\u201c weiterlesen","og_url":"https:\/\/www.martinamayer.de\/?page_id=76","og_site_name":"Martina Mayer","article_publisher":"https:\/\/www.facebook.com\/friseur.ebersbach","article_modified_time":"2021-06-04T12:02:58+00:00","twitter_card":"summary_large_image","twitter_misc":{"Gesch\u00e4tzte Lesezeit":"5\u00a0Minuten"},"schema":{"@context":"https:\/\/schema.org","@graph":[{"@type":"WebPage","@id":"https:\/\/www.martinamayer.de\/?page_id=76","url":"https:\/\/www.martinamayer.de\/?page_id=76","name":"Impressum \/ Datenschutz - Martina Mayer","isPartOf":{"@id":"https:\/\/www.martinamayer.de\/#website"},"datePublished":"2019-08-13T10:34:31+00:00","dateModified":"2021-06-04T12:02:58+00:00","breadcrumb":{"@id":"https:\/\/www.martinamayer.de\/?page_id=76#breadcrumb"},"inLanguage":"de","potentialAction":[{"@type":"ReadAction","target":["https:\/\/www.martinamayer.de\/?page_id=76"]}]},{"@type":"BreadcrumbList","@id":"https:\/\/www.martinamayer.de\/?page_id=76#breadcrumb","itemListElement":[{"@type":"ListItem","position":1,"name":"Startseite","item":"https:\/\/www.martinamayer.de\/"},{"@type":"ListItem","position":2,"name":"Impressum \/ Datenschutz"}]},{"@type":"WebSite","@id":"https:\/\/www.martinamayer.de\/#website","url":"https:\/\/www.martinamayer.de\/","name":"Martina Mayer Friseur in Ebersbach","description":"Ihr Friseur in Ebersbach an der Fils (Weiler)","publisher":{"@id":"https:\/\/www.martinamayer.de\/#organization"},"potentialAction":[{"@type":"SearchAction","target":{"@type":"EntryPoint","urlTemplate":"https:\/\/www.martinamayer.de\/?s={search_term_string}"},"query-input":{"@type":"PropertyValueSpecification","valueRequired":true,"valueName":"search_term_string"}}],"inLanguage":"de"},{"@type":"Organization","@id":"https:\/\/www.martinamayer.de\/#organization","name":"Martina Mayer - Friseur in Ebersbach an der Fils (Weiler)","url":"https:\/\/www.martinamayer.de\/","logo":{"@type":"ImageObject","inLanguage":"de","@id":"https:\/\/www.martinamayer.de\/#\/schema\/logo\/image\/","url":"https:\/\/www.martinamayer.de\/wp-content\/uploads\/2019\/08\/logo-1.jpg","contentUrl":"https:\/\/www.martinamayer.de\/wp-content\/uploads\/2019\/08\/logo-1.jpg","width":400,"height":112,"caption":"Martina Mayer - Friseur in Ebersbach an der Fils (Weiler)"},"image":{"@id":"https:\/\/www.martinamayer.de\/#\/schema\/logo\/image\/"},"sameAs":["https:\/\/www.facebook.com\/friseur.ebersbach"]}]}},"_links":{"self":[{"href":"https:\/\/www.martinamayer.de\/index.php?rest_route=\/wp\/v2\/pages\/76","targetHints":{"allow":["GET"]}}],"collection":[{"href":"https:\/\/www.martinamayer.de\/index.php?rest_route=\/wp\/v2\/pages"}],"about":[{"href":"https:\/\/www.martinamayer.de\/index.php?rest_route=\/wp\/v2\/types\/page"}],"author":[{"embeddable":true,"href":"https:\/\/www.martinamayer.de\/index.php?rest_route=\/wp\/v2\/users\/1"}],"replies":[{"embeddable":true,"href":"https:\/\/www.martinamayer.de\/index.php?rest_route=%2Fwp%2Fv2%2Fcomments&post=76"}],"version-history":[{"count":3,"href":"https:\/\/www.martinamayer.de\/index.php?rest_route=\/wp\/v2\/pages\/76\/revisions"}],"predecessor-version":[{"id":105,"href":"https:\/\/www.martinamayer.de\/index.php?rest_route=\/wp\/v2\/pages\/76\/revisions\/105"}],"wp:attachment":[{"href":"https:\/\/www.martinamayer.de\/index.php?rest_route=%2Fwp%2Fv2%2Fmedia&parent=76"}],"curies":[{"name":"wp","href":"https:\/\/api.w.org\/{rel}","templated":true}]}}